{"id":46,"date":"2025-08-03T11:09:12","date_gmt":"2025-08-03T11:09:12","guid":{"rendered":"https:\/\/arztpraxis-bankau-juelich.de\/?page_id=46"},"modified":"2025-08-03T11:09:28","modified_gmt":"2025-08-03T11:09:28","slug":"angaben-gemaess-%c2%a7-5-tmg","status":"publish","type":"page","link":"https:\/\/arztpraxis-bankau-juelich.de\/?page_id=46","title":{"rendered":"Impressum"},"content":{"rendered":"\n<p>Arztpraxis Bankau &amp; J\u00fclich<br>vertreten durch den Herrn Dr. med. Alexander Bankau und Herrn Dr. med. Andreas J\u00fclich<br><em>G\u00fctzkower Stra\u00dfe 86A<\/em><\/p>\n\n\n\n<p><em>17489 Greifswald<\/em><\/p>\n\n\n\n<h1 class=\"wp-block-heading\">Kontakt<\/h1>\n\n\n\n<p>Telefon: 03834 594663<br><\/p>\n\n\n\n<h1 class=\"wp-block-heading\">Verbraucher\u00adstreit\u00adbeilegung\/Universal\u00adschlichtungs\u00adstelle<\/h1>\n\n\n\n<p>Wir sind nicht bereit oder verpflichtet, an Streitbeilegungsverfahren vor einer Verbraucherschlichtungsstelle teilzunehmen.<\/p>\n","protected":false},"excerpt":{"rendered":"<p>Arztpraxis Bankau &amp; J\u00fclichvertreten durch den Herrn Dr. med. Alexander Bankau und Herrn Dr. med. Andreas J\u00fclichG\u00fctzkower Stra\u00dfe 86A 17489 Greifswald Kontakt Telefon: 03834 594663 Verbraucher\u00adstreit\u00adbeilegung\/Universal\u00adschlichtungs\u00adstelle Wir sind nicht bereit oder verpflichtet, an Streitbeilegungsverfahren vor einer Verbraucherschlichtungsstelle teilzunehmen.<\/p>\n","protected":false},"author":1,"featured_media":0,"parent":0,"menu_order":0,"comment_status":"closed","ping_status":"closed","template":"","meta":{"footnotes":""},"class_list":["post-46","page","type-page","status-publish","hentry"],"_links":{"self":[{"href":"https:\/\/arztpraxis-bankau-juelich.de\/index.php?rest_route=\/wp\/v2\/pages\/46","targetHints":{"allow":["GET"]}}],"collection":[{"href":"https:\/\/arztpraxis-bankau-juelich.de\/index.php?rest_route=\/wp\/v2\/pages"}],"about":[{"href":"https:\/\/arztpraxis-bankau-juelich.de\/index.php?rest_route=\/wp\/v2\/types\/page"}],"author":[{"embeddable":true,"href":"https:\/\/arztpraxis-bankau-juelich.de\/index.php?rest_route=\/wp\/v2\/users\/1"}],"replies":[{"embeddable":true,"href":"https:\/\/arztpraxis-bankau-juelich.de\/index.php?rest_route=%2Fwp%2Fv2%2Fcomments&post=46"}],"version-history":[{"count":2,"href":"https:\/\/arztpraxis-bankau-juelich.de\/index.php?rest_route=\/wp\/v2\/pages\/46\/revisions"}],"predecessor-version":[{"id":48,"href":"https:\/\/arztpraxis-bankau-juelich.de\/index.php?rest_route=\/wp\/v2\/pages\/46\/revisions\/48"}],"wp:attachment":[{"href":"https:\/\/arztpraxis-bankau-juelich.de\/index.php?rest_route=%2Fwp%2Fv2%2Fmedia&parent=46"}],"curies":[{"name":"wp","href":"https:\/\/api.w.org\/{rel}","templated":true}]}}